{"id":613,"date":"2016-09-13T15:04:19","date_gmt":"2016-09-13T19:04:19","guid":{"rendered":"http:\/\/simon.wps.dev\/fr\/chip\/"},"modified":"2017-01-14T22:58:21","modified_gmt":"2017-01-15T03:58:21","slug":"chip","status":"publish","type":"page","link":"https:\/\/deepak4mortgage.ca\/fr\/refinance\/chip\/","title":{"rendered":"CHIP"},"content":{"rendered":"<blockquote><p>Ne serait-ce pas merveilleux si vous aviez l\u2019argent pour faire plus des choses que vous aimeriez faire? Un pr\u00eat hypoth\u00e9caire invers\u00e9 CHIP pourrait \u00eatre la solution. C\u2019est une fa\u00e7on simple et sens\u00e9e de lib\u00e9rer la valeur de votre r\u00e9sidence et de la transformer en argent comptant afin de<br \/>\nvous aider \u00e0 profiter de la vie selon vos d\u00e9sirs.<\/p><\/blockquote>\n<h3>AVANTAGES D\u2019UNE HYPOTH\u00c8QUE INVERS\u00c9E CHIP<\/h3>\n<p><b>Vous recevez l\u2019argent exempt d\u2019imp\u00f4t.<\/b> Ces fonds ne sont pas ajout\u00e9s \u00e0 votre revenu imposable, ainsi cela n\u2019affecte pas vos prestations de la S\u00e9curit\u00e9 de la vieillesse ou le Suppl\u00e9ment de revenu garanti que vous pourriez recevoir du gouvernement.<\/p>\n<p><b>Vous pouvez utiliser les fonds comme bon vous semble.<\/b> Peut-\u00eatre aimeriez-vous profiter de votre retraite ou payer certaines d\u00e9penses impr\u00e9vues. Peut-\u00eatre voulez-vous r\u00e9nover votre habitation ou aider votre famille, mais sans avoir \u00e0 vider vos \u00e9conomies. La seule condition que nous imposons est que tout pr\u00eat en souffrance (p. ex., une hypoth\u00e8que ou une marge de cr\u00e9dit hypoth\u00e9caire) garanti par votre propri\u00e9t\u00e9 soit rembours\u00e9 \u00e0 m\u00eame votre pr\u00eat hypoth\u00e9caire CHIP.<\/p>\n<p><b>Aucun paiement hypoth\u00e9caire r\u00e9gulier n\u2019est requis tant que vous ou votre conjoint vivez dans la r\u00e9sidence.<\/b> Le montant complet du pr\u00eat arrive \u00e0 \u00e9ch\u00e9ance et doit \u00eatre rembours\u00e9 seulement quand vous et votre conjoint ne vivez plus dans la r\u00e9sidence.<\/p>\n<p><b>Vous restez propri\u00e9taire et gardez le plein contr\u00f4le de votre propri\u00e9t\u00e9.<\/b>\u00a0On ne vous demandera jamais de d\u00e9m\u00e9nager ou de vendre la r\u00e9sidence afin de rembourser votre hypoth\u00e8que invers\u00e9e CHIP. Tout ce que nous exigeons est que vous entreteniez la propri\u00e9t\u00e9 et payiez \u00e0 temps vos imp\u00f4ts fonciers, votre assurance contre l\u2019incendie ainsi que les frais de copropri\u00e9t\u00e9 ou<br \/>\nd\u2019entretien tant que vous y vivez.<\/p>\n<p><b>Vous gardez toute la valeur nette restante de votre propri\u00e9t\u00e9.<\/b>\u00a0Dans nos nombreuses ann\u00e9es d\u2019exp\u00e9rience, 99\u00a0propri\u00e9taires sur 100 ont de l\u2019argent en surplus apr\u00e8s le remboursement de leur pr\u00eat hypoth\u00e9caire CHIP. Et en moyenne, ce montant repr\u00e9sente 50\u00a0% de la valeur de la r\u00e9sidence au moment de la vente.<\/p>\n<h3>FOIRE AUX QUESTIONS<\/h3>\n<p><b>Vous avez des questions? Voici les r\u00e9ponses aux questions les plus fr\u00e9quemment pos\u00e9es.<\/b><\/p>\n<p><b>Comment fonctionne une hypoth\u00e8que invers\u00e9e CHIP?<\/b><br \/>\n<b>Un pr\u00eat hypoth\u00e9caire invers\u00e9 CHIP est garanti par la valeur nette de votre r\u00e9sidence.<\/b><\/p>\n<p>Contrairement \u00e0 une hypoth\u00e8que ordinaire pour laquelle vous devez effectuer des paiements r\u00e9guliers \u00e0 quelqu\u2019un d\u2019autre, une hypoth\u00e8que invers\u00e9e vous paye, vous!<\/p>\n<p>Le gros avantage de l\u2019hypoth\u00e8que invers\u00e9e CHIP est que\u00a0<b>vous n\u2019avez pas \u00e0 effectuer de paiements mensuels tant et aussi longtemps que vous ou votre conjoint vivez dans la propri\u00e9t\u00e9.<\/b> Voil\u00e0 ce qui a rendu les hypoth\u00e8ques invers\u00e9es si populaires au Canada, au Royaume-Uni, aux \u00c9tats-Unis, en Australie et dans d\u2019autres pays.<\/p>\n<p><b>\u00c0 qui s\u2019adressent les hypoth\u00e8ques invers\u00e9es?<\/b><br \/>\n<b>Le pr\u00eat hypoth\u00e9caire invers\u00e9 CHIP est con\u00e7u exclusivement pour les propri\u00e9taires \u00e2g\u00e9s de 55\u00a0ans ou plus.<\/b> Cette exigence quant \u00e0 l\u2019\u00e2ge s\u2019applique aux deux conjoints.<\/p>\n<p><b>Combien peut-on obtenir et comment est effectu\u00e9 le calcul?<\/b><br \/>\n<b>Vous pouvez recevoir jusqu\u2019\u00e0 55\u00a0% de la valeur de votre r\u00e9sidence.<\/b> Le calcul du montant pr\u00e9cis prend en compte votre \u00e2ge et l\u2019\u00e2ge de votre conjoint, l\u2019endroit o\u00f9 est situ\u00e9e votre demeure, le type de r\u00e9sidence que vous poss\u00e9dez et la valeur actuelle de votre propri\u00e9t\u00e9 selon l\u2019\u00e9valuation.  Vous pouvez communiquer avec moi et je pourrai vous donner rapidement une estimation du montant que vous pourriez obtenir.<\/p>\n<p><b>Comment est-ce que je re\u00e7ois l\u2019argent?<\/b><br \/>\n<b>Vous avez le choix.<\/b> Le pr\u00eat hypoth\u00e9caire invers\u00e9 CHIP vous offre deux options\u00a0: recevoir tous les fonds auxquels vous avez droit en une seule somme forfaitaire ou recevoir un certain montant maintenant et d\u2019autres fonds plus tard. La Rente Avantage vous permet, quant \u00e0 elle, de recevoir des avances planifi\u00e9es sur une p\u00e9riode de temps pr\u00e9d\u00e9termin\u00e9e. <\/p>\n<p><b>Est-ce que le propri\u00e9taire devra rembourser plus que ce que la maison vaut?<\/b><br \/>\nLe propri\u00e9taire garde toute la valeur nette restante. Au cours de nos nombreuses ann\u00e9es d\u2019exp\u00e9rience, plus de 99\u00a0% des propri\u00e9taires ont de l\u2019argent en surplus lorsque leur pr\u00eat est rembours\u00e9. La valeur nette restante d\u00e9pend du montant emprunt\u00e9, de la valeur de la r\u00e9sidence et de la p\u00e9riode de temps \u00e9coul\u00e9e depuis que l\u2019hypoth\u00e8que invers\u00e9e a \u00e9t\u00e9 contract\u00e9e.<\/p>\n<p><b>Est-ce que la Banque poss\u00e9dera ma r\u00e9sidence?<\/b><br \/>\nNon. Le propri\u00e9taire demeure le seul et unique propri\u00e9taire et garde les titres de propri\u00e9t\u00e9.  Nous exigeons toutefois que le propri\u00e9taire habite la r\u00e9sidence, paye les imp\u00f4ts fonciers \u00e0 temps, d\u00e9tienne une assurance sur la propri\u00e9t\u00e9 et entretienne celle-ci afin de la garder en bon \u00e9tat.<\/p>\n<p><b>Et si le propri\u00e9taire a d\u00e9j\u00e0 une hypoth\u00e8que?<\/b><br \/>\nPlusieurs de nos clients utilisent un pr\u00eat hypoth\u00e9caire invers\u00e9 pour rembourser leur hypoth\u00e8que actuelle ainsi que leurs dettes.<\/p>\n<p><b>Est-ce que les hypoth\u00e8ques invers\u00e9es devraient \u00eatre consid\u00e9r\u00e9es uniquement en dernier recours?<\/b><br \/>\nNon. Plusieurs professionnels du milieu financier recommandent un pr\u00eat hypoth\u00e9caire invers\u00e9 afin de compl\u00e9ter un revenu mensuel plut\u00f4t que de vendre la propri\u00e9t\u00e9 et d\u2019acheter une plus petite r\u00e9sidence, ou encore d\u2019opter pour une hypoth\u00e8que ou une marge de cr\u00e9dit traditionnelle.<\/p>\n<p><b>Quels frais sont associ\u00e9s \u00e0 une hypoth\u00e8que invers\u00e9e?<\/b><br \/>\nIl y a des frais uniques visant \u00e0 traiter la demande comme les frais d\u2019\u00e9valuation de la propri\u00e9t\u00e9, des frais pour demander conseil aupr\u00e8s d\u2019un conseiller juridique ind\u00e9pendant ainsi que nos frais d\u2019administration, d\u2019assurance et d\u2019enregistrement des titres. \u00c0 l\u2019exception des frais d\u2019\u00e9valuation, ces frais sont pay\u00e9s \u00e0 m\u00eame les fonds octroy\u00e9s.<\/p>\n<p><b>Et si le propri\u00e9taire n\u2019a pas assez d\u2019argent pour effectuer les paiements?<\/b><br \/>\nIl n\u2019y a aucun paiement mensuel \u00e0 faire tant et aussi longtemps que le propri\u00e9taire habite dans la r\u00e9sidence.<\/p>\n","protected":false},"excerpt":{"rendered":"<p>L&#8217;hypoth\u00e8que invers\u00e9e CHIP, offerte par la Banque HomEquity, est une solution con\u00e7ue sp\u00e9cifiquement pour les propri\u00e9taires canadiens \u00e2g\u00e9s de 55 ans et plus.<\/p>\n","protected":false},"author":1,"featured_media":528,"parent":627,"menu_order":0,"comment_status":"closed","ping_status":"closed","template":"","meta":[],"yoast_head":"<!-- This site is optimized with the Yoast SEO plugin v17.1 - https:\/\/yoast.com\/wordpress\/plugins\/seo\/ -->\n<meta name=\"robots\" content=\"index, follow, max-snippet:-1, max-image-preview:large, max-video-preview:-1\" \/>\n<link rel=\"canonical\" href=\"https:\/\/deepak4mortgage.ca\/fr\/refinance\/chip\/\" \/>\n<meta property=\"og:locale\" content=\"fr_FR\" \/>\n<meta property=\"og:type\" content=\"article\" \/>\n<meta property=\"og:title\" content=\"CHIP - Centres Hypoth\u00e9caires Dominion\" \/>\n<meta property=\"og:description\" content=\"L&#8217;hypoth\u00e8que invers\u00e9e CHIP, offerte par la Banque HomEquity, est une solution con\u00e7ue sp\u00e9cifiquement pour les propri\u00e9taires canadiens \u00e2g\u00e9s de 55 ans et plus.\" \/>\n<meta property=\"og:url\" content=\"https:\/\/deepak4mortgage.ca\/fr\/refinance\/chip\/\" \/>\n<meta property=\"og:site_name\" content=\"Centres Hypoth\u00e9caires Dominion\" \/>\n<meta property=\"article:modified_time\" content=\"2017-01-15T03:58:21+00:00\" \/>\n<meta property=\"og:image\" content=\"https:\/\/deepak4mortgage.ca\/wp-content\/uploads\/2016\/09\/chip.jpg\" \/>\n\t<meta property=\"og:image:width\" content=\"1200\" \/>\n\t<meta property=\"og:image:height\" content=\"611\" \/>\n<meta name=\"twitter:card\" content=\"summary\" \/>\n<meta name=\"twitter:label1\" content=\"Dur\u00e9e de lecture est.\" \/>\n\t<meta name=\"twitter:data1\" content=\"2 minutes\" \/>\n<script type=\"application\/ld+json\" class=\"yoast-schema-graph\">{\"@context\":\"https:\/\/schema.org\",\"@graph\":[{\"@type\":\"Organization\",\"@id\":\"https:\/\/deepak4mortgage.ca\/fr\/#organization\",\"name\":\"Centres Hypoth\\u00e9caires Dominion\",\"url\":\"https:\/\/deepak4mortgage.ca\/fr\/\",\"sameAs\":[],\"logo\":{\"@type\":\"ImageObject\",\"@id\":\"https:\/\/deepak4mortgage.ca\/fr\/#logo\",\"inLanguage\":\"fr-FR\",\"url\":\"http:\/\/master.wps.dlcserver.com\/wp-content\/uploads\/2017\/01\/vector_DLC1.jpg\",\"contentUrl\":\"http:\/\/master.wps.dlcserver.com\/wp-content\/uploads\/2017\/01\/vector_DLC1.jpg\",\"width\":369,\"height\":173,\"caption\":\"Centres Hypoth\\u00e9caires Dominion\"},\"image\":{\"@id\":\"https:\/\/deepak4mortgage.ca\/fr\/#logo\"}},{\"@type\":\"WebSite\",\"@id\":\"https:\/\/deepak4mortgage.ca\/fr\/#website\",\"url\":\"https:\/\/deepak4mortgage.ca\/fr\/\",\"name\":\"Centres Hypoth\\u00e9caires Dominion\",\"description\":\"Just another WordPress site\",\"publisher\":{\"@id\":\"https:\/\/deepak4mortgage.ca\/fr\/#organization\"},\"potentialAction\":[{\"@type\":\"SearchAction\",\"target\":{\"@type\":\"EntryPoint\",\"urlTemplate\":\"https:\/\/deepak4mortgage.ca\/fr\/?s={search_term_string}\"},\"query-input\":\"required name=search_term_string\"}],\"inLanguage\":\"fr-FR\"},{\"@type\":\"ImageObject\",\"@id\":\"https:\/\/deepak4mortgage.ca\/fr\/refinance\/chip\/#primaryimage\",\"inLanguage\":\"fr-FR\",\"url\":\"https:\/\/deepak4mortgage.ca\/wp-content\/uploads\/2016\/09\/chip.jpg\",\"contentUrl\":\"https:\/\/deepak4mortgage.ca\/wp-content\/uploads\/2016\/09\/chip.jpg\",\"width\":1200,\"height\":611},{\"@type\":\"WebPage\",\"@id\":\"https:\/\/deepak4mortgage.ca\/fr\/refinance\/chip\/#webpage\",\"url\":\"https:\/\/deepak4mortgage.ca\/fr\/refinance\/chip\/\",\"name\":\"CHIP - Centres Hypoth\\u00e9caires Dominion\",\"isPartOf\":{\"@id\":\"https:\/\/deepak4mortgage.ca\/fr\/#website\"},\"primaryImageOfPage\":{\"@id\":\"https:\/\/deepak4mortgage.ca\/fr\/refinance\/chip\/#primaryimage\"},\"datePublished\":\"2016-09-13T19:04:19+00:00\",\"dateModified\":\"2017-01-15T03:58:21+00:00\",\"breadcrumb\":{\"@id\":\"https:\/\/deepak4mortgage.ca\/fr\/refinance\/chip\/#breadcrumb\"},\"inLanguage\":\"fr-FR\",\"potentialAction\":[{\"@type\":\"ReadAction\",\"target\":[\"https:\/\/deepak4mortgage.ca\/fr\/refinance\/chip\/\"]}]},{\"@type\":\"BreadcrumbList\",\"@id\":\"https:\/\/deepak4mortgage.ca\/fr\/refinance\/chip\/#breadcrumb\",\"itemListElement\":[{\"@type\":\"ListItem\",\"position\":1,\"name\":\"Home\",\"item\":\"https:\/\/deepak4mortgage.ca\/fr\/\"},{\"@type\":\"ListItem\",\"position\":2,\"name\":\"REFINANCEMENT\",\"item\":\"https:\/\/deepak4mortgage.ca\/fr\/refinance\/\"},{\"@type\":\"ListItem\",\"position\":3,\"name\":\"CHIP\"}]}]}<\/script>\n<!-- \/ Yoast SEO plugin. -->","yoast_head_json":{"robots":{"index":"index","follow":"follow","max-snippet":"max-snippet:-1","max-image-preview":"max-image-preview:large","max-video-preview":"max-video-preview:-1"},"canonical":"https:\/\/deepak4mortgage.ca\/fr\/refinance\/chip\/","og_locale":"fr_FR","og_type":"article","og_title":"CHIP - Centres Hypoth\u00e9caires Dominion","og_description":"L&#8217;hypoth\u00e8que invers\u00e9e CHIP, offerte par la Banque HomEquity, est une solution con\u00e7ue sp\u00e9cifiquement pour les propri\u00e9taires canadiens \u00e2g\u00e9s de 55 ans et plus.","og_url":"https:\/\/deepak4mortgage.ca\/fr\/refinance\/chip\/","og_site_name":"Centres Hypoth\u00e9caires Dominion","article_modified_time":"2017-01-15T03:58:21+00:00","og_image":[{"width":1200,"height":611,"url":"https:\/\/deepak4mortgage.ca\/wp-content\/uploads\/2016\/09\/chip.jpg","path":"\/var\/www\/sites\/wps\/sites\/code\/wp-content\/uploads\/2016\/09\/chip.jpg","size":"full","id":528,"alt":"","pixels":733200,"type":"image\/jpeg"}],"twitter_card":"summary","twitter_misc":{"Dur\u00e9e de lecture est.":"2 minutes"},"schema":{"@context":"https:\/\/schema.org","@graph":[{"@type":"Organization","@id":"https:\/\/deepak4mortgage.ca\/fr\/#organization","name":"Centres Hypoth\u00e9caires Dominion","url":"https:\/\/deepak4mortgage.ca\/fr\/","sameAs":[],"logo":{"@type":"ImageObject","@id":"https:\/\/deepak4mortgage.ca\/fr\/#logo","inLanguage":"fr-FR","url":"http:\/\/master.wps.dlcserver.com\/wp-content\/uploads\/2017\/01\/vector_DLC1.jpg","contentUrl":"http:\/\/master.wps.dlcserver.com\/wp-content\/uploads\/2017\/01\/vector_DLC1.jpg","width":369,"height":173,"caption":"Centres Hypoth\u00e9caires Dominion"},"image":{"@id":"https:\/\/deepak4mortgage.ca\/fr\/#logo"}},{"@type":"WebSite","@id":"https:\/\/deepak4mortgage.ca\/fr\/#website","url":"https:\/\/deepak4mortgage.ca\/fr\/","name":"Centres Hypoth\u00e9caires Dominion","description":"Just another WordPress site","publisher":{"@id":"https:\/\/deepak4mortgage.ca\/fr\/#organization"},"potentialAction":[{"@type":"SearchAction","target":{"@type":"EntryPoint","urlTemplate":"https:\/\/deepak4mortgage.ca\/fr\/?s={search_term_string}"},"query-input":"required name=search_term_string"}],"inLanguage":"fr-FR"},{"@type":"ImageObject","@id":"https:\/\/deepak4mortgage.ca\/fr\/refinance\/chip\/#primaryimage","inLanguage":"fr-FR","url":"https:\/\/deepak4mortgage.ca\/wp-content\/uploads\/2016\/09\/chip.jpg","contentUrl":"https:\/\/deepak4mortgage.ca\/wp-content\/uploads\/2016\/09\/chip.jpg","width":1200,"height":611},{"@type":"WebPage","@id":"https:\/\/deepak4mortgage.ca\/fr\/refinance\/chip\/#webpage","url":"https:\/\/deepak4mortgage.ca\/fr\/refinance\/chip\/","name":"CHIP - Centres Hypoth\u00e9caires Dominion","isPartOf":{"@id":"https:\/\/deepak4mortgage.ca\/fr\/#website"},"primaryImageOfPage":{"@id":"https:\/\/deepak4mortgage.ca\/fr\/refinance\/chip\/#primaryimage"},"datePublished":"2016-09-13T19:04:19+00:00","dateModified":"2017-01-15T03:58:21+00:00","breadcrumb":{"@id":"https:\/\/deepak4mortgage.ca\/fr\/refinance\/chip\/#breadcrumb"},"inLanguage":"fr-FR","potentialAction":[{"@type":"ReadAction","target":["https:\/\/deepak4mortgage.ca\/fr\/refinance\/chip\/"]}]},{"@type":"BreadcrumbList","@id":"https:\/\/deepak4mortgage.ca\/fr\/refinance\/chip\/#breadcrumb","itemListElement":[{"@type":"ListItem","position":1,"name":"Home","item":"https:\/\/deepak4mortgage.ca\/fr\/"},{"@type":"ListItem","position":2,"name":"REFINANCEMENT","item":"https:\/\/deepak4mortgage.ca\/fr\/refinance\/"},{"@type":"ListItem","position":3,"name":"CHIP"}]}]}},"_links":{"self":[{"href":"https:\/\/deepak4mortgage.ca\/fr\/wp-json\/wp\/v2\/pages\/613"}],"collection":[{"href":"https:\/\/deepak4mortgage.ca\/fr\/wp-json\/wp\/v2\/pages"}],"about":[{"href":"https:\/\/deepak4mortgage.ca\/fr\/wp-json\/wp\/v2\/types\/page"}],"author":[{"embeddable":true,"href":"https:\/\/deepak4mortgage.ca\/fr\/wp-json\/wp\/v2\/users\/1"}],"replies":[{"embeddable":true,"href":"https:\/\/deepak4mortgage.ca\/fr\/wp-json\/wp\/v2\/comments?post=613"}],"version-history":[{"count":2,"href":"https:\/\/deepak4mortgage.ca\/fr\/wp-json\/wp\/v2\/pages\/613\/revisions"}],"predecessor-version":[{"id":933,"href":"https:\/\/deepak4mortgage.ca\/fr\/wp-json\/wp\/v2\/pages\/613\/revisions\/933"}],"up":[{"embeddable":true,"href":"https:\/\/deepak4mortgage.ca\/fr\/wp-json\/wp\/v2\/pages\/627"}],"wp:featuredmedia":[{"embeddable":true,"href":"https:\/\/deepak4mortgage.ca\/fr\/wp-json\/wp\/v2\/media\/528"}],"wp:attachment":[{"href":"https:\/\/deepak4mortgage.ca\/fr\/wp-json\/wp\/v2\/media?parent=613"}],"curies":[{"name":"wp","href":"https:\/\/api.w.org\/{rel}","templated":true}]}}