{"id":595,"date":"2016-10-24T14:45:08","date_gmt":"2016-10-24T18:45:08","guid":{"rendered":"http:\/\/simon.wps.dev\/fr\/self-employed-solutions\/"},"modified":"2017-01-14T22:47:49","modified_gmt":"2017-01-15T03:47:49","slug":"self-employed-solutions","status":"publish","type":"page","link":"https:\/\/deepak4mortgage.ca\/fr\/home-purchase\/self-employed-solutions\/","title":{"rendered":"Solutions Pour Travailleurs Autonomes"},"content":{"rendered":"<blockquote><p>PROUVER UN REVENU DE TRAVAILLEUR AUTONOME, ET SA STABILIT\u00c9 POUR LES ANN\u00c9ES \u00c0 VENIR PEUT \u00caTRE DIFFICILE POUR LES NOUVEAUX PROPRI\u00c9TAIRES D\u2019ENTREPRISE.<\/p><\/blockquote>\n<p>Plusieurs Canadiens poss\u00e8dent des petites entreprises prosp\u00e8res, et ne changeraient ce style de vie pour rien au monde. Cependant, plusieurs commencent \u00e0 douter de ce style de vie et de leurs choix commerciaux lorsqu\u2019ils essaient d\u2019obtenir un financement pour une maison, ou m\u00eame simplement une carte de cr\u00e9dit ou un v\u00e9hicule. La nature du revenu du travailleur autonome peut faire en sorte que le travailleur repr\u00e9sente un risque de cr\u00e9dit \u00e9lev\u00e9, m\u00eame s\u2019il poss\u00e8de une source de revenu plus stable que ceux travaillant de 9 \u00e0 5 pour un employeur.<\/p>\n<p>Heureusement, plusieurs pr\u00eateurs hypoth\u00e9caires canadiens commencent \u00e0 comprendre l\u2019importance du travail autonome dans notre culture, et ont mis sur pied des programmes hypoth\u00e9caires int\u00e9ressants pour les travailleurs autonomes, leur permettant de financer leur r\u00e9sidence principale, et m\u00eame leur r\u00e9sidence de vacances.<\/p>\n<p>Les professionnels hypoth\u00e9caires autoris\u00e9s sont aptes \u00e0 aider les travailleurs autonomes \u00e0 obtenir la meilleure hypoth\u00e8que possible par l\u2019entremise des plus grands pr\u00eateurs canadiens.<\/p>\n<p>Obtenir une hypoth\u00e8que en tant que travailleur autonome n\u2019a jamais \u00e9t\u00e9 aussi facile, et vous serez heureux d\u2019apprendre que les produits hypoth\u00e9caires offerts aujourd\u2019hui vous aideront \u00e0 r\u00e9ussir autant dans votre vie priv\u00e9e que professionnelle.<\/p>\n","protected":false},"excerpt":{"rendered":"<p>Alors que plusieurs Canadiens profitent du travail autonome, ils peuvent faire face \u00e0 des probl\u00e8mes lorsque vient le temps d\u2019obtenir un financement personnel, tel qu\u2019une hypoth\u00e8que ou un pr\u00eat pour un v\u00e9hicule.<\/p>\n","protected":false},"author":1,"featured_media":526,"parent":628,"menu_order":0,"comment_status":"closed","ping_status":"closed","template":"","meta":[],"yoast_head":"<!-- This site is optimized with the Yoast SEO plugin v17.1 - https:\/\/yoast.com\/wordpress\/plugins\/seo\/ -->\n<meta name=\"robots\" content=\"index, follow, max-snippet:-1, max-image-preview:large, max-video-preview:-1\" \/>\n<link rel=\"canonical\" href=\"https:\/\/deepak4mortgage.ca\/fr\/home-purchase\/self-employed-solutions\/\" \/>\n<meta property=\"og:locale\" content=\"fr_FR\" \/>\n<meta property=\"og:type\" content=\"article\" \/>\n<meta property=\"og:title\" content=\"Solutions Pour Travailleurs Autonomes - Centres Hypoth\u00e9caires Dominion\" \/>\n<meta property=\"og:description\" content=\"Alors que plusieurs Canadiens profitent du travail autonome, ils peuvent faire face \u00e0 des probl\u00e8mes lorsque vient le temps d\u2019obtenir un financement personnel, tel qu\u2019une hypoth\u00e8que ou un pr\u00eat pour un v\u00e9hicule.\" \/>\n<meta property=\"og:url\" content=\"https:\/\/deepak4mortgage.ca\/fr\/home-purchase\/self-employed-solutions\/\" \/>\n<meta property=\"og:site_name\" content=\"Centres Hypoth\u00e9caires Dominion\" \/>\n<meta property=\"article:modified_time\" content=\"2017-01-15T03:47:49+00:00\" \/>\n<meta property=\"og:image\" content=\"https:\/\/deepak4mortgage.ca\/wp-content\/uploads\/2016\/10\/self-employed.jpg\" \/>\n\t<meta property=\"og:image:width\" content=\"1200\" \/>\n\t<meta property=\"og:image:height\" content=\"611\" \/>\n<meta name=\"twitter:card\" content=\"summary\" \/>\n<meta name=\"twitter:label1\" content=\"Dur\u00e9e de lecture est.\" \/>\n\t<meta name=\"twitter:data1\" content=\"1 minute\" \/>\n<script type=\"application\/ld+json\" class=\"yoast-schema-graph\">{\"@context\":\"https:\/\/schema.org\",\"@graph\":[{\"@type\":\"Organization\",\"@id\":\"https:\/\/deepak4mortgage.ca\/fr\/#organization\",\"name\":\"Centres Hypoth\\u00e9caires Dominion\",\"url\":\"https:\/\/deepak4mortgage.ca\/fr\/\",\"sameAs\":[],\"logo\":{\"@type\":\"ImageObject\",\"@id\":\"https:\/\/deepak4mortgage.ca\/fr\/#logo\",\"inLanguage\":\"fr-FR\",\"url\":\"http:\/\/master.wps.dlcserver.com\/wp-content\/uploads\/2017\/01\/vector_DLC1.jpg\",\"contentUrl\":\"http:\/\/master.wps.dlcserver.com\/wp-content\/uploads\/2017\/01\/vector_DLC1.jpg\",\"width\":369,\"height\":173,\"caption\":\"Centres Hypoth\\u00e9caires Dominion\"},\"image\":{\"@id\":\"https:\/\/deepak4mortgage.ca\/fr\/#logo\"}},{\"@type\":\"WebSite\",\"@id\":\"https:\/\/deepak4mortgage.ca\/fr\/#website\",\"url\":\"https:\/\/deepak4mortgage.ca\/fr\/\",\"name\":\"Centres Hypoth\\u00e9caires Dominion\",\"description\":\"Just another WordPress site\",\"publisher\":{\"@id\":\"https:\/\/deepak4mortgage.ca\/fr\/#organization\"},\"potentialAction\":[{\"@type\":\"SearchAction\",\"target\":{\"@type\":\"EntryPoint\",\"urlTemplate\":\"https:\/\/deepak4mortgage.ca\/fr\/?s={search_term_string}\"},\"query-input\":\"required name=search_term_string\"}],\"inLanguage\":\"fr-FR\"},{\"@type\":\"ImageObject\",\"@id\":\"https:\/\/deepak4mortgage.ca\/fr\/home-purchase\/self-employed-solutions\/#primaryimage\",\"inLanguage\":\"fr-FR\",\"url\":\"https:\/\/deepak4mortgage.ca\/wp-content\/uploads\/2016\/10\/self-employed.jpg\",\"contentUrl\":\"https:\/\/deepak4mortgage.ca\/wp-content\/uploads\/2016\/10\/self-employed.jpg\",\"width\":1200,\"height\":611},{\"@type\":\"WebPage\",\"@id\":\"https:\/\/deepak4mortgage.ca\/fr\/home-purchase\/self-employed-solutions\/#webpage\",\"url\":\"https:\/\/deepak4mortgage.ca\/fr\/home-purchase\/self-employed-solutions\/\",\"name\":\"Solutions Pour Travailleurs Autonomes - Centres Hypoth\\u00e9caires Dominion\",\"isPartOf\":{\"@id\":\"https:\/\/deepak4mortgage.ca\/fr\/#website\"},\"primaryImageOfPage\":{\"@id\":\"https:\/\/deepak4mortgage.ca\/fr\/home-purchase\/self-employed-solutions\/#primaryimage\"},\"datePublished\":\"2016-10-24T18:45:08+00:00\",\"dateModified\":\"2017-01-15T03:47:49+00:00\",\"breadcrumb\":{\"@id\":\"https:\/\/deepak4mortgage.ca\/fr\/home-purchase\/self-employed-solutions\/#breadcrumb\"},\"inLanguage\":\"fr-FR\",\"potentialAction\":[{\"@type\":\"ReadAction\",\"target\":[\"https:\/\/deepak4mortgage.ca\/fr\/home-purchase\/self-employed-solutions\/\"]}]},{\"@type\":\"BreadcrumbList\",\"@id\":\"https:\/\/deepak4mortgage.ca\/fr\/home-purchase\/self-employed-solutions\/#breadcrumb\",\"itemListElement\":[{\"@type\":\"ListItem\",\"position\":1,\"name\":\"Home\",\"item\":\"https:\/\/deepak4mortgage.ca\/fr\/\"},{\"@type\":\"ListItem\",\"position\":2,\"name\":\"Home Purchase\",\"item\":\"https:\/\/deepak4mortgage.ca\/fr\/home-purchase\/\"},{\"@type\":\"ListItem\",\"position\":3,\"name\":\"Solutions Pour Travailleurs Autonomes\"}]}]}<\/script>\n<!-- \/ Yoast SEO plugin. -->","yoast_head_json":{"robots":{"index":"index","follow":"follow","max-snippet":"max-snippet:-1","max-image-preview":"max-image-preview:large","max-video-preview":"max-video-preview:-1"},"canonical":"https:\/\/deepak4mortgage.ca\/fr\/home-purchase\/self-employed-solutions\/","og_locale":"fr_FR","og_type":"article","og_title":"Solutions Pour Travailleurs Autonomes - Centres Hypoth\u00e9caires Dominion","og_description":"Alors que plusieurs Canadiens profitent du travail autonome, ils peuvent faire face \u00e0 des probl\u00e8mes lorsque vient le temps d\u2019obtenir un financement personnel, tel qu\u2019une hypoth\u00e8que ou un pr\u00eat pour un v\u00e9hicule.","og_url":"https:\/\/deepak4mortgage.ca\/fr\/home-purchase\/self-employed-solutions\/","og_site_name":"Centres Hypoth\u00e9caires Dominion","article_modified_time":"2017-01-15T03:47:49+00:00","og_image":[{"width":1200,"height":611,"url":"https:\/\/deepak4mortgage.ca\/wp-content\/uploads\/2016\/10\/self-employed.jpg","path":"\/var\/www\/sites\/wps\/sites\/code\/wp-content\/uploads\/2016\/10\/self-employed.jpg","size":"full","id":526,"alt":"","pixels":733200,"type":"image\/jpeg"}],"twitter_card":"summary","twitter_misc":{"Dur\u00e9e de lecture est.":"1 minute"},"schema":{"@context":"https:\/\/schema.org","@graph":[{"@type":"Organization","@id":"https:\/\/deepak4mortgage.ca\/fr\/#organization","name":"Centres Hypoth\u00e9caires Dominion","url":"https:\/\/deepak4mortgage.ca\/fr\/","sameAs":[],"logo":{"@type":"ImageObject","@id":"https:\/\/deepak4mortgage.ca\/fr\/#logo","inLanguage":"fr-FR","url":"http:\/\/master.wps.dlcserver.com\/wp-content\/uploads\/2017\/01\/vector_DLC1.jpg","contentUrl":"http:\/\/master.wps.dlcserver.com\/wp-content\/uploads\/2017\/01\/vector_DLC1.jpg","width":369,"height":173,"caption":"Centres Hypoth\u00e9caires Dominion"},"image":{"@id":"https:\/\/deepak4mortgage.ca\/fr\/#logo"}},{"@type":"WebSite","@id":"https:\/\/deepak4mortgage.ca\/fr\/#website","url":"https:\/\/deepak4mortgage.ca\/fr\/","name":"Centres Hypoth\u00e9caires Dominion","description":"Just another WordPress site","publisher":{"@id":"https:\/\/deepak4mortgage.ca\/fr\/#organization"},"potentialAction":[{"@type":"SearchAction","target":{"@type":"EntryPoint","urlTemplate":"https:\/\/deepak4mortgage.ca\/fr\/?s={search_term_string}"},"query-input":"required name=search_term_string"}],"inLanguage":"fr-FR"},{"@type":"ImageObject","@id":"https:\/\/deepak4mortgage.ca\/fr\/home-purchase\/self-employed-solutions\/#primaryimage","inLanguage":"fr-FR","url":"https:\/\/deepak4mortgage.ca\/wp-content\/uploads\/2016\/10\/self-employed.jpg","contentUrl":"https:\/\/deepak4mortgage.ca\/wp-content\/uploads\/2016\/10\/self-employed.jpg","width":1200,"height":611},{"@type":"WebPage","@id":"https:\/\/deepak4mortgage.ca\/fr\/home-purchase\/self-employed-solutions\/#webpage","url":"https:\/\/deepak4mortgage.ca\/fr\/home-purchase\/self-employed-solutions\/","name":"Solutions Pour Travailleurs Autonomes - Centres Hypoth\u00e9caires Dominion","isPartOf":{"@id":"https:\/\/deepak4mortgage.ca\/fr\/#website"},"primaryImageOfPage":{"@id":"https:\/\/deepak4mortgage.ca\/fr\/home-purchase\/self-employed-solutions\/#primaryimage"},"datePublished":"2016-10-24T18:45:08+00:00","dateModified":"2017-01-15T03:47:49+00:00","breadcrumb":{"@id":"https:\/\/deepak4mortgage.ca\/fr\/home-purchase\/self-employed-solutions\/#breadcrumb"},"inLanguage":"fr-FR","potentialAction":[{"@type":"ReadAction","target":["https:\/\/deepak4mortgage.ca\/fr\/home-purchase\/self-employed-solutions\/"]}]},{"@type":"BreadcrumbList","@id":"https:\/\/deepak4mortgage.ca\/fr\/home-purchase\/self-employed-solutions\/#breadcrumb","itemListElement":[{"@type":"ListItem","position":1,"name":"Home","item":"https:\/\/deepak4mortgage.ca\/fr\/"},{"@type":"ListItem","position":2,"name":"Home Purchase","item":"https:\/\/deepak4mortgage.ca\/fr\/home-purchase\/"},{"@type":"ListItem","position":3,"name":"Solutions Pour Travailleurs Autonomes"}]}]}},"_links":{"self":[{"href":"https:\/\/deepak4mortgage.ca\/fr\/wp-json\/wp\/v2\/pages\/595"}],"collection":[{"href":"https:\/\/deepak4mortgage.ca\/fr\/wp-json\/wp\/v2\/pages"}],"about":[{"href":"https:\/\/deepak4mortgage.ca\/fr\/wp-json\/wp\/v2\/types\/page"}],"author":[{"embeddable":true,"href":"https:\/\/deepak4mortgage.ca\/fr\/wp-json\/wp\/v2\/users\/1"}],"replies":[{"embeddable":true,"href":"https:\/\/deepak4mortgage.ca\/fr\/wp-json\/wp\/v2\/comments?post=595"}],"version-history":[{"count":2,"href":"https:\/\/deepak4mortgage.ca\/fr\/wp-json\/wp\/v2\/pages\/595\/revisions"}],"predecessor-version":[{"id":919,"href":"https:\/\/deepak4mortgage.ca\/fr\/wp-json\/wp\/v2\/pages\/595\/revisions\/919"}],"up":[{"embeddable":true,"href":"https:\/\/deepak4mortgage.ca\/fr\/wp-json\/wp\/v2\/pages\/628"}],"wp:featuredmedia":[{"embeddable":true,"href":"https:\/\/deepak4mortgage.ca\/fr\/wp-json\/wp\/v2\/media\/526"}],"wp:attachment":[{"href":"https:\/\/deepak4mortgage.ca\/fr\/wp-json\/wp\/v2\/media?parent=595"}],"curies":[{"name":"wp","href":"https:\/\/api.w.org\/{rel}","templated":true}]}}